{"id":3,"date":"2021-08-05T05:49:20","date_gmt":"2021-08-05T05:49:20","guid":{"rendered":"http:\/\/roschen.d24n3jh.de\/?page_id=3"},"modified":"2025-05-02T16:22:28","modified_gmt":"2025-05-02T14:22:28","slug":"datenschutzerklaerung","status":"publish","type":"page","link":"https:\/\/roschen.d24n3jh.de\/en\/datenschutzerklaerung\/","title":{"rendered":"Privacy policy"},"content":{"rendered":"<div data-elementor-type=\"wp-page\" data-elementor-id=\"3\" class=\"elementor elementor-3\" data-elementor-post-type=\"page\">\n\t\t\t\t\t\t<section class=\"has_ma_el_bg_slider elementor-section elementor-top-section elementor-element elementor-element-99b009c elementor-section-boxed elementor-section-height-default elementor-section-height-default jltma-glass-effect-no\" data-id=\"99b009c\" data-element_type=\"section\">\n\t\t\t\t\t\t<div class=\"elementor-container elementor-column-gap-default\">\n\t\t\t\t\t<div class=\"has_ma_el_bg_slider elementor-column elementor-col-100 elementor-top-column elementor-element elementor-element-8ad04ad jltma-glass-effect-no\" data-id=\"8ad04ad\" data-element_type=\"column\">\n\t\t\t<div class=\"elementor-widget-wrap\">\n\t\t\t\t\t\t\t<\/div>\n\t\t<\/div>\n\t\t\t\t\t<\/div>\n\t\t<\/section>\n\t\t\t\t<\/div>","protected":false},"excerpt":{"rendered":"","protected":false},"author":1,"featured_media":0,"parent":0,"menu_order":0,"comment_status":"closed","ping_status":"closed","template":"","meta":{"footnotes":""},"class_list":["post-3","page","type-page","status-publish","hentry"],"yoast_head":"<!-- This site is optimized with the Yoast SEO plugin v24.7 - https:\/\/yoast.com\/wordpress\/plugins\/seo\/ -->\n<title>Roschen Agrarhandel - Datenschutzerkl\u00e4rung<\/title>\n<meta name=\"description\" content=\"In unserer Datenschutzerkl\u00e4rung finden Sie schnell und einfach alle n\u00f6tigen Informationen, wie wir mit Ihren Daten umgehen.\" \/>\n<meta name=\"robots\" content=\"index, follow, max-snippet:-1, max-image-preview:large, max-video-preview:-1\" \/>\n<link rel=\"canonical\" href=\"https:\/\/roschen.d24n3jh.de\/en\/datenschutzerklaerung\/\" \/>\n<meta property=\"og:locale\" content=\"en_US\" \/>\n<meta property=\"og:type\" content=\"article\" \/>\n<meta property=\"og:title\" content=\"Roschen Agrarhandel - Datenschutzerkl\u00e4rung\" \/>\n<meta property=\"og:description\" content=\"In unserer Datenschutzerkl\u00e4rung finden Sie schnell und einfach alle n\u00f6tigen Informationen, wie wir mit Ihren Daten umgehen.\" \/>\n<meta property=\"og:url\" content=\"https:\/\/roschen.d24n3jh.de\/en\/datenschutzerklaerung\/\" \/>\n<meta property=\"og:site_name\" content=\"Roschen Agrarhandel\" \/>\n<meta property=\"article:modified_time\" content=\"2025-05-02T14:22:28+00:00\" \/>\n<meta name=\"twitter:card\" content=\"summary_large_image\" \/>\n<script type=\"application\/ld+json\" class=\"yoast-schema-graph\">{\"@context\":\"https:\/\/schema.org\",\"@graph\":[{\"@type\":\"WebPage\",\"@id\":\"https:\/\/roschen.d24n3jh.de\/datenschutzerklaerung\/\",\"url\":\"https:\/\/roschen.d24n3jh.de\/datenschutzerklaerung\/\",\"name\":\"Roschen Agrarhandel - Datenschutzerkl\u00e4rung\",\"isPartOf\":{\"@id\":\"\/#website\"},\"datePublished\":\"2021-08-05T05:49:20+00:00\",\"dateModified\":\"2025-05-02T14:22:28+00:00\",\"description\":\"In unserer Datenschutzerkl\u00e4rung finden Sie schnell und einfach alle n\u00f6tigen Informationen, wie wir mit Ihren Daten umgehen.\",\"breadcrumb\":{\"@id\":\"https:\/\/roschen.d24n3jh.de\/datenschutzerklaerung\/#breadcrumb\"},\"inLanguage\":\"en-US\",\"potentialAction\":[{\"@type\":\"ReadAction\",\"target\":[\"https:\/\/roschen.d24n3jh.de\/datenschutzerklaerung\/\"]}]},{\"@type\":\"BreadcrumbList\",\"@id\":\"https:\/\/roschen.d24n3jh.de\/datenschutzerklaerung\/#breadcrumb\",\"itemListElement\":[{\"@type\":\"ListItem\",\"position\":1,\"name\":\"Home\",\"item\":\"https:\/\/roschen.d24n3jh.de\/\"},{\"@type\":\"ListItem\",\"position\":2,\"name\":\"Datenschutzerkl\u00e4rung\"}]},{\"@type\":\"WebSite\",\"@id\":\"\/#website\",\"url\":\"\/\",\"name\":\"Roschen Agrarhandel\",\"description\":\"\",\"publisher\":{\"@id\":\"\/#organization\"},\"potentialAction\":[{\"@type\":\"SearchAction\",\"target\":{\"@type\":\"EntryPoint\",\"urlTemplate\":\"\/?s={search_term_string}\"},\"query-input\":{\"@type\":\"PropertyValueSpecification\",\"valueRequired\":true,\"valueName\":\"search_term_string\"}}],\"inLanguage\":\"en-US\"},{\"@type\":\"Organization\",\"@id\":\"\/#organization\",\"name\":\"Roschen Agrarhandel\",\"url\":\"\/\",\"logo\":{\"@type\":\"ImageObject\",\"inLanguage\":\"en-US\",\"@id\":\"\/#\/schema\/logo\/image\/\",\"url\":\"https:\/\/roschen.d24n3jh.de\/wp-content\/uploads\/2025\/03\/Design-ohne-Titel-4.png\",\"contentUrl\":\"https:\/\/roschen.d24n3jh.de\/wp-content\/uploads\/2025\/03\/Design-ohne-Titel-4.png\",\"width\":3700,\"height\":3700,\"caption\":\"Roschen Agrarhandel\"},\"image\":{\"@id\":\"\/#\/schema\/logo\/image\/\"}}]}<\/script>\n<!-- \/ Yoast SEO plugin. -->","yoast_head_json":{"title":"Roschen Agrarhandel - Datenschutzerkl\u00e4rung","description":"In unserer Datenschutzerkl\u00e4rung finden Sie schnell und einfach alle n\u00f6tigen Informationen, wie wir mit Ihren Daten umgehen.","robots":{"index":"index","follow":"follow","max-snippet":"max-snippet:-1","max-image-preview":"max-image-preview:large","max-video-preview":"max-video-preview:-1"},"canonical":"https:\/\/roschen.d24n3jh.de\/en\/datenschutzerklaerung\/","og_locale":"en_US","og_type":"article","og_title":"Roschen Agrarhandel - Datenschutzerkl\u00e4rung","og_description":"In unserer Datenschutzerkl\u00e4rung finden Sie schnell und einfach alle n\u00f6tigen Informationen, wie wir mit Ihren Daten umgehen.","og_url":"https:\/\/roschen.d24n3jh.de\/en\/datenschutzerklaerung\/","og_site_name":"Roschen Agrarhandel","article_modified_time":"2025-05-02T14:22:28+00:00","twitter_card":"summary_large_image","schema":{"@context":"https:\/\/schema.org","@graph":[{"@type":"WebPage","@id":"https:\/\/roschen.d24n3jh.de\/datenschutzerklaerung\/","url":"https:\/\/roschen.d24n3jh.de\/datenschutzerklaerung\/","name":"Roschen Agrarhandel - Datenschutzerkl\u00e4rung","isPartOf":{"@id":"\/#website"},"datePublished":"2021-08-05T05:49:20+00:00","dateModified":"2025-05-02T14:22:28+00:00","description":"In unserer Datenschutzerkl\u00e4rung finden Sie schnell und einfach alle n\u00f6tigen Informationen, wie wir mit Ihren Daten umgehen.","breadcrumb":{"@id":"https:\/\/roschen.d24n3jh.de\/datenschutzerklaerung\/#breadcrumb"},"inLanguage":"en-US","potentialAction":[{"@type":"ReadAction","target":["https:\/\/roschen.d24n3jh.de\/datenschutzerklaerung\/"]}]},{"@type":"BreadcrumbList","@id":"https:\/\/roschen.d24n3jh.de\/datenschutzerklaerung\/#breadcrumb","itemListElement":[{"@type":"ListItem","position":1,"name":"Home","item":"https:\/\/roschen.d24n3jh.de\/"},{"@type":"ListItem","position":2,"name":"Datenschutzerkl\u00e4rung"}]},{"@type":"WebSite","@id":"\/#website","url":"\/","name":"Roschen Agrarhandel","description":"","publisher":{"@id":"\/#organization"},"potentialAction":[{"@type":"SearchAction","target":{"@type":"EntryPoint","urlTemplate":"\/?s={search_term_string}"},"query-input":{"@type":"PropertyValueSpecification","valueRequired":true,"valueName":"search_term_string"}}],"inLanguage":"en-US"},{"@type":"Organization","@id":"\/#organization","name":"Roschen Agrarhandel","url":"\/","logo":{"@type":"ImageObject","inLanguage":"en-US","@id":"\/#\/schema\/logo\/image\/","url":"https:\/\/roschen.d24n3jh.de\/wp-content\/uploads\/2025\/03\/Design-ohne-Titel-4.png","contentUrl":"https:\/\/roschen.d24n3jh.de\/wp-content\/uploads\/2025\/03\/Design-ohne-Titel-4.png","width":3700,"height":3700,"caption":"Roschen Agrarhandel"},"image":{"@id":"\/#\/schema\/logo\/image\/"}}]}},"_links":{"self":[{"href":"https:\/\/roschen.d24n3jh.de\/en\/wp-json\/wp\/v2\/pages\/3","targetHints":{"allow":["GET"]}}],"collection":[{"href":"https:\/\/roschen.d24n3jh.de\/en\/wp-json\/wp\/v2\/pages"}],"about":[{"href":"https:\/\/roschen.d24n3jh.de\/en\/wp-json\/wp\/v2\/types\/page"}],"author":[{"embeddable":true,"href":"https:\/\/roschen.d24n3jh.de\/en\/wp-json\/wp\/v2\/users\/1"}],"replies":[{"embeddable":true,"href":"https:\/\/roschen.d24n3jh.de\/en\/wp-json\/wp\/v2\/comments?post=3"}],"version-history":[{"count":5,"href":"https:\/\/roschen.d24n3jh.de\/en\/wp-json\/wp\/v2\/pages\/3\/revisions"}],"predecessor-version":[{"id":7104,"href":"https:\/\/roschen.d24n3jh.de\/en\/wp-json\/wp\/v2\/pages\/3\/revisions\/7104"}],"wp:attachment":[{"href":"https:\/\/roschen.d24n3jh.de\/en\/wp-json\/wp\/v2\/media?parent=3"}],"curies":[{"name":"wp","href":"https:\/\/api.w.org\/{rel}","templated":true}]}}